{"id":717,"date":"2025-10-29T01:12:04","date_gmt":"2025-10-28T16:12:04","guid":{"rendered":"https:\/\/twohjoint.mycafe24.com\/investigacion-y-desarrollo\/"},"modified":"2025-10-31T09:51:52","modified_gmt":"2025-10-31T00:51:52","slug":"investigacion-y-desarrollo","status":"publish","type":"page","link":"https:\/\/two-h.kr\/es\/investigacion-y-desarrollo\/","title":{"rendered":"Investigaci\u00f3n y Desarrollo"},"content":{"rendered":"<div id='revolutionslider_1'  class='avia-layerslider avia-revolutionslider main_color avia-shadow  avia-builder-el-0  el_before_av_section  avia-builder-el-first   container_wrap sidebar_right'  >\n\t\t\t<!-- START es\uc5f0\uad6c\uac1c\ubc1c REVOLUTION SLIDER 6.6.20 --><p class=\"rs-p-wp-fix\"><\/p>\n\t\t\t<rs-module-wrap id=\"rev_slider_18_1_wrapper\" data-source=\"gallery\" style=\"visibility:hidden;background:transparent;padding:0;margin:0px auto;margin-top:0;margin-bottom:0;\">\n\t\t\t\t<rs-module id=\"rev_slider_18_1\" style=\"\" data-version=\"6.6.20\">\n\t\t\t\t\t<rs-slides style=\"overflow: hidden; position: absolute;\">\n\t\t\t\t\t\t<rs-slide style=\"position: absolute;\" data-key=\"rs-22\" data-title=\"Slide\" data-in=\"o:0;row:400;\" data-out=\"a:false;\">\n\t\t\t\t\t\t\t<img decoding=\"async\" src=\"\/\/two-h.kr\/wp-content\/plugins\/revslider\/public\/assets\/assets\/dummy.png\" alt=\"\" title=\"CK_ta01060002371_1080p_8.jpeg\" width=\"1920\" height=\"1080\" class=\"rev-slidebg tp-rs-img rs-lazyload\" data-lazyload=\"\/\/twohjoint.mycafe24.com\/wp-content\/uploads\/revslider\/video-media\/CK_ta01060002371_1080p_8.jpeg\" data-no-retina>\n\t\t\t\t\t\t\t<rs-bgvideo \n\t\t\t\t\t\t\t\tdata-video=\"w:100%;h:100%;nse:false;l:true;ptimer:false;vfc:true;\"\n\t\t\t\t\t\t\t\tdata-mp4=\"\/\/twohjoint.mycafe24.com\/wp-content\/uploads\/2025\/10\/CK_ta01060002371_1080p.mp4\"\n\t\t\t\t\t\t\t><\/rs-bgvideo>\n<!--\n\t\t\t\t\t\t\t--><rs-layer\n\t\t\t\t\t\t\t\tid=\"slider-18-slide-22-layer-0\" \n\t\t\t\t\t\t\t\tdata-type=\"text\"\n\t\t\t\t\t\t\t\tdata-rsp_ch=\"on\"\n\t\t\t\t\t\t\t\tdata-xy=\"x:c;yo:299px,299px,186px,170px;\"\n\t\t\t\t\t\t\t\tdata-text=\"w:normal;s:60,60,37,25;l:60,60,37,28;a:left,left,left,center;\"\n\t\t\t\t\t\t\t\tdata-dim=\"w:auto,auto,auto,409px;\"\n\t\t\t\t\t\t\t\tdata-frame_0=\"x:100%;skX:-45;\"\n\t\t\t\t\t\t\t\tdata-frame_1=\"st:610;sp:1000;\"\n\t\t\t\t\t\t\t\tdata-frame_999=\"o:0;st:w;sR:8090;\"\n\t\t\t\t\t\t\t\tstyle=\"z-index:7;font-family:'Nanum Myeongjo';\"\n\t\t\t\t\t\t\t>Encontrando la Innovaci\u00f3n en la Precisi\u00f3n<br \/>\n \n\t\t\t\t\t\t\t<\/rs-layer><!--\n\n\t\t\t\t\t\t\t--><rs-layer\n\t\t\t\t\t\t\t\tid=\"slider-18-slide-22-layer-1\" \n\t\t\t\t\t\t\t\tdata-type=\"text\"\n\t\t\t\t\t\t\t\tdata-rsp_ch=\"on\"\n\t\t\t\t\t\t\t\tdata-xy=\"x:c;yo:450px,450px,281px,255px;\"\n\t\t\t\t\t\t\t\tdata-text=\"w:normal;s:30,30,18,20;l:50,50,31,40;a:center;\"\n\t\t\t\t\t\t\t\tdata-dim=\"w:1076px,1076px,674px,399px;\"\n\t\t\t\t\t\t\t\tdata-frame_0=\"x:100%;skX:-45;\"\n\t\t\t\t\t\t\t\tdata-frame_1=\"st:960;sp:1000;\"\n\t\t\t\t\t\t\t\tdata-frame_999=\"o:0;st:w;sR:7740;\"\n\t\t\t\t\t\t\t\tstyle=\"z-index:6;font-family:'Roboto';\"\n\t\t\t\t\t\t\t>Two-H Joint es una empresa tecnol\u00f3gica que encuentra significado incluso en las diferencias m\u00e1s peque\u00f1as.<br \/>\nA trav\u00e9s de la tecnolog\u00eda de estructuras sin soldadura, creamos sistemas industriales m\u00e1s simples y seguros.<br \/>\nLa investigaci\u00f3n es un viaje hacia la perfecci\u00f3n, y ese viaje se convierte en nuestra calidad.<br \/>\n \n\t\t\t\t\t\t\t<\/rs-layer><!--\n-->\t\t\t\t\t\t<\/rs-slide>\n\t\t\t\t\t<\/rs-slides>\n\t\t\t\t<\/rs-module>\n\t\t\t\t<script>\n\t\t\t\t\tsetREVStartSize({c: 'rev_slider_18_1',rl:[1240,1240,778,480],el:[900,900,960,720],gw:[1240,1240,778,480],gh:[900,900,960,720],type:'standard',justify:'',layout:'fullwidth',mh:\"0\"});if (window.RS_MODULES!==undefined && window.RS_MODULES.modules!==undefined && window.RS_MODULES.modules[\"revslider181\"]!==undefined) {window.RS_MODULES.modules[\"revslider181\"].once = false;window.revapi18 = undefined;if (window.RS_MODULES.checkMinimal!==undefined) window.RS_MODULES.checkMinimal()}\n\t\t\t\t<\/script>\n\t\t\t<\/rs-module-wrap>\n\t\t\t<!-- END REVOLUTION SLIDER -->\n<\/div>\n<div id='av_section_1'  class='avia-section av-fum23-ac627109143ecfb3ef6ec3ed49c3ead4 main_color avia-section-default avia-no-border-styling  avia-builder-el-1  el_after_av_revolutionslider  el_before_av_revolutionslider  avia-bg-style-scroll container_wrap sidebar_right'  ><div class='container av-section-cont-open' ><div class='template-page content  av-content-small alpha units'><div class='post-entry post-entry-type-page post-entry-717'><div class='entry-content-wrapper clearfix'>\n<section  class='av_textblock_section av-8ig0z-36d9f77c5c88320acbd9a485cf974923 '   itemscope=\"itemscope\" itemtype=\"https:\/\/schema.org\/CreativeWork\" ><div class='avia_textblock'  itemprop=\"text\" ><div class=\"rnd-box\">\n<div class=\"left\">\n<div class=\"txt01\" data-aos=\"fade-up\" data-aos-delay=\"200\">Creamos conexiones que dan forma al futuro de la industria.<\/div>\n<div class=\"txt02\" data-aos=\"fade-up\" data-aos-delay=\"400\">Dise\u00f1amos el futuro de la industria mediante una investigaci\u00f3n continua.<\/div>\n<div class=\"txt03\" data-aos=\"fade-up\" data-aos-delay=\"600\">La investigaci\u00f3n y desarrollo de Two-H Joint es un viaje que va m\u00e1s all\u00e1 de la simple tecnolog\u00eda de componentes, creando un nuevo est\u00e1ndar para las estructuras industriales.<br \/>\nA trav\u00e9s de un dise\u00f1o preciso, experimentos basados en datos y conocimientos obtenidos directamente del campo, desarrollamos continuamente sistemas de conexi\u00f3n m\u00e1s seguros y eficientes.<br \/>\nLa tecnolog\u00eda de conectores cuadrados sin soldadura reemplaza los procesos tradicionales de soldadura, reduciendo el tiempo y los costos de instalaci\u00f3n, al mismo tiempo que minimiza el impacto ambiental.<br \/>\nEsto no representa solo un avance en la tecnolog\u00eda de ensamblaje, sino una direcci\u00f3n hacia un ecosistema industrial verdaderamente sostenible.<br \/>\nEl equipo de investigaci\u00f3n de Two-H Joint colabora con diversos sectores industriales para desarrollar soluciones \u00f3ptimas adaptadas a las necesidades de cada campo.<br \/>\nLa combinaci\u00f3n de tecnolog\u00eda de conexi\u00f3n de alta precisi\u00f3n, procesos ecol\u00f3gicos y una filosof\u00eda de dise\u00f1o centrada en las personas nos permite construir una estructura industrial mejor para el ma\u00f1ana.<br \/>\nLa tecnolog\u00eda se vuelve invisible a medida que se acerca a la perfecci\u00f3n.<br \/>\nTwo-H Joint dise\u00f1a meticulosamente cada momento de su investigaci\u00f3n y desarrollo para alcanzar esa \u201cperfecci\u00f3n invisible.\u201d<\/div>\n<\/div>\n<div class=\"right\" data-aos=\"fade-left\" data-aos-delay=\"200\" data-aos-duration=\"400\"><img decoding=\"async\" src=\"\/wp-content\/uploads\/2025\/10\/bolt-scaled.jpg\" \/><\/div>\n<\/div>\n<\/div><\/section>\n\n<\/div><\/div><\/div><!-- close content main div --><\/div><\/div><div id='revolutionslider_2'  class='avia-layerslider avia-revolutionslider main_color avia-shadow  avia-builder-el-3  el_after_av_section  avia-builder-el-last   slider-not-first container_wrap sidebar_right'  >\n\t\t\t<!-- START es\uc5f0\uad6c\uac1c\ubc1c\ud558\ub2e8 REVOLUTION SLIDER 6.6.20 --><p class=\"rs-p-wp-fix\"><\/p>\n\t\t\t<rs-module-wrap id=\"rev_slider_19_2_wrapper\" data-source=\"gallery\" style=\"visibility:hidden;background:transparent;padding:0;margin:0px auto;margin-top:0;margin-bottom:0;\">\n\t\t\t\t<rs-module id=\"rev_slider_19_2\" style=\"\" data-version=\"6.6.20\">\n\t\t\t\t\t<rs-slides style=\"overflow: hidden; position: absolute;\">\n\t\t\t\t\t\t<rs-slide style=\"position: absolute;\" data-key=\"rs-23\" data-title=\"Slide\" data-anim=\"d:30;f:center;\" data-in=\"o:0;sx:1.2;sy:1.2;row:5;col:5;\" data-out=\"o:0;sx:0.5;sy:0.5;m:true;row:5;col:5;\" data-mediafilter=\"willow\">\n\t\t\t\t\t\t\t<img decoding=\"async\" src=\"\/\/two-h.kr\/wp-content\/plugins\/revslider\/public\/assets\/assets\/dummy.png\" alt=\"\" title=\"CK_twi001t3252184 (1)\" width=\"2560\" height=\"1711\" class=\"rev-slidebg tp-rs-img rs-lazyload\" data-lazyload=\"\/\/twohjoint.mycafe24.com\/wp-content\/uploads\/2025\/10\/CK_twi001t3252184-1-scaled.jpg\" data-no-retina>\n<!--\n\t\t\t\t\t\t\t--><rs-layer\n\t\t\t\t\t\t\t\tid=\"slider-19-slide-23-layer-0\" \n\t\t\t\t\t\t\t\tdata-type=\"text\"\n\t\t\t\t\t\t\t\tdata-rsp_ch=\"on\"\n\t\t\t\t\t\t\t\tdata-xy=\"x:c;yo:67px,67px,41px,113px;\"\n\t\t\t\t\t\t\t\tdata-text=\"w:normal;s:50,50,31,24;l:60,60,37,22;fw:500;a:center;\"\n\t\t\t\t\t\t\t\tdata-dim=\"w:1117px,1117px,700px,431px;\"\n\t\t\t\t\t\t\t\tdata-frame_1=\"e:power4.inOut;st:490;sp:1500;sR:490;\"\n\t\t\t\t\t\t\t\tdata-frame_999=\"o:0;st:w;sR:7010;\"\n\t\t\t\t\t\t\t\tstyle=\"z-index:9;font-family:'Roboto';\"\n\t\t\t\t\t\t\t>Investigamos visiones, no solo tecnolog\u00eda.<br \/>\n \n\t\t\t\t\t\t\t<\/rs-layer><!--\n\n\t\t\t\t\t\t\t--><rs-layer\n\t\t\t\t\t\t\t\tid=\"slider-19-slide-23-layer-1\" \n\t\t\t\t\t\t\t\tdata-type=\"text\"\n\t\t\t\t\t\t\t\tdata-rsp_ch=\"on\"\n\t\t\t\t\t\t\t\tdata-xy=\"x:c;yo:148px,148px,92px,172px;\"\n\t\t\t\t\t\t\t\tdata-text=\"w:normal;s:24,24,14,20;l:50,50,31,30;a:center;\"\n\t\t\t\t\t\t\t\tdata-dim=\"w:1117px,1117px,700px,431px;\"\n\t\t\t\t\t\t\t\tdata-frame_1=\"e:power4.inOut;st:990;sp:1500;sR:990;\"\n\t\t\t\t\t\t\t\tdata-frame_999=\"o:0;st:w;sR:6510;\"\n\t\t\t\t\t\t\t\tstyle=\"z-index:8;font-family:'Roboto';\"\n\t\t\t\t\t\t\t>A trav\u00e9s de experimentos y desaf\u00edos constantes,<br \/>\nTwo-H Joint est\u00e1 abriendo nuevas posibilidades en la industria.<br \/>\nEl cambio impulsado por la precisi\u00f3n tecnol\u00f3gica \u2014 eso es nuestro I+D.<br \/>\n \n\t\t\t\t\t\t\t<\/rs-layer><!--\n-->\t\t\t\t\t\t<\/rs-slide>\n\t\t\t\t\t<\/rs-slides>\n\t\t\t\t<\/rs-module>\n\t\t\t\t<script>\n\t\t\t\t\tsetREVStartSize({c: 'rev_slider_19_2',rl:[1240,1240,778,480],el:[400,400,960,400],gw:[1240,1240,778,480],gh:[400,400,400,400],type:'standard',justify:'',layout:'fullwidth',mh:\"0\"});if (window.RS_MODULES!==undefined && window.RS_MODULES.modules!==undefined && window.RS_MODULES.modules[\"revslider192\"]!==undefined) {window.RS_MODULES.modules[\"revslider192\"].once = false;window.revapi19 = undefined;if (window.RS_MODULES.checkMinimal!==undefined) window.RS_MODULES.checkMinimal()}\n\t\t\t\t<\/script>\n\t\t\t<\/rs-module-wrap>\n\t\t\t<!-- END REVOLUTION SLIDER -->\n<\/div>\n","protected":false},"excerpt":{"rendered":"","protected":false},"author":2,"featured_media":0,"parent":0,"menu_order":15,"comment_status":"closed","ping_status":"closed","template":"","meta":{"_acf_changed":false,"_vp_format_video_url":"","_vp_image_focal_point":[],"footnotes":""},"class_list":["post-717","page","type-page","status-publish","hentry"],"acf":[],"_links":{"self":[{"href":"https:\/\/two-h.kr\/es\/wp-json\/wp\/v2\/pages\/717","targetHints":{"allow":["GET"]}}],"collection":[{"href":"https:\/\/two-h.kr\/es\/wp-json\/wp\/v2\/pages"}],"about":[{"href":"https:\/\/two-h.kr\/es\/wp-json\/wp\/v2\/types\/page"}],"author":[{"embeddable":true,"href":"https:\/\/two-h.kr\/es\/wp-json\/wp\/v2\/users\/2"}],"replies":[{"embeddable":true,"href":"https:\/\/two-h.kr\/es\/wp-json\/wp\/v2\/comments?post=717"}],"version-history":[{"count":4,"href":"https:\/\/two-h.kr\/es\/wp-json\/wp\/v2\/pages\/717\/revisions"}],"predecessor-version":[{"id":789,"href":"https:\/\/two-h.kr\/es\/wp-json\/wp\/v2\/pages\/717\/revisions\/789"}],"wp:attachment":[{"href":"https:\/\/two-h.kr\/es\/wp-json\/wp\/v2\/media?parent=717"}],"curies":[{"name":"wp","href":"https:\/\/api.w.org\/{rel}","templated":true}]}}