{"id":704,"date":"2025-10-28T00:35:33","date_gmt":"2025-10-27T15:35:33","guid":{"rendered":"https:\/\/twohjoint.mycafe24.com\/comunidad\/sala-de-prensa\/"},"modified":"2025-10-31T09:39:08","modified_gmt":"2025-10-31T00:39:08","slug":"sala-de-prensa","status":"publish","type":"page","link":"http:\/\/two-h.kr\/es\/comunidad\/sala-de-prensa\/","title":{"rendered":"Sala de prensa"},"content":{"rendered":"<div id='revolutionslider_1'  class='avia-layerslider avia-revolutionslider main_color avia-shadow  avia-builder-el-0  el_before_av_one_full  avia-builder-el-first   container_wrap sidebar_right'  >\n\t\t\t<!-- START es\ub274\uc2a4\ub8f8 REVOLUTION SLIDER 6.6.20 --><p class=\"rs-p-wp-fix\"><\/p>\n\t\t\t<rs-module-wrap id=\"rev_slider_15_1_wrapper\" data-source=\"gallery\" style=\"visibility:hidden;background:transparent;padding:0;margin:0px auto;margin-top:0;margin-bottom:0;\">\n\t\t\t\t<rs-module id=\"rev_slider_15_1\" style=\"\" data-version=\"6.6.20\">\n\t\t\t\t\t<rs-slides style=\"overflow: hidden; position: absolute;\">\n\t\t\t\t\t\t<rs-slide style=\"position: absolute;\" data-key=\"rs-19\" data-title=\"Slide\" data-in=\"o:0;\" data-out=\"a:false;\">\n\t\t\t\t\t\t\t<img decoding=\"async\" src=\"\/\/two-h.kr\/wp-content\/plugins\/revslider\/public\/assets\/assets\/dummy.png\" alt=\"\" title=\"CK_ta01060001834_1080p_9.jpeg\" width=\"1920\" height=\"1080\" class=\"rev-slidebg tp-rs-img rs-lazyload\" data-lazyload=\"\/\/twohjoint.mycafe24.com\/wp-content\/uploads\/revslider\/video-media\/CK_ta01060001834_1080p_9.jpeg\" data-no-retina>\n\t\t\t\t\t\t\t<rs-bgvideo \n\t\t\t\t\t\t\t\tdata-video=\"w:100%;h:100%;nse:false;l:true;ptimer:false;vfc:true;\"\n\t\t\t\t\t\t\t\tdata-mp4=\"\/\/twohjoint.mycafe24.com\/wp-content\/uploads\/2025\/10\/CK_ta01060001834_1080p.mp4\"\n\t\t\t\t\t\t\t><\/rs-bgvideo>\n<!--\n\t\t\t\t\t\t\t--><rs-layer\n\t\t\t\t\t\t\t\tid=\"slider-15-slide-19-layer-0\" \n\t\t\t\t\t\t\t\tdata-type=\"text\"\n\t\t\t\t\t\t\t\tdata-rsp_ch=\"on\"\n\t\t\t\t\t\t\t\tdata-xy=\"x:c;y:m;yo:-60px,-60px,-212px,-72px;\"\n\t\t\t\t\t\t\t\tdata-text=\"w:normal;s:80,80,50,45;l:80,80,50,50;\"\n\t\t\t\t\t\t\t\tdata-frame_0=\"sX:0.9;sY:0.9;\"\n\t\t\t\t\t\t\t\tdata-frame_1=\"st:630;sp:1000;sR:630;\"\n\t\t\t\t\t\t\t\tdata-frame_999=\"o:0;st:w;sR:7370;\"\n\t\t\t\t\t\t\t\tstyle=\"z-index:5;font-family:'Roboto';\"\n\t\t\t\t\t\t\t>Sala de Noticias \n\t\t\t\t\t\t\t<\/rs-layer><!--\n\n\t\t\t\t\t\t\t--><rs-layer\n\t\t\t\t\t\t\t\tid=\"slider-15-slide-19-layer-1\" \n\t\t\t\t\t\t\t\tdata-type=\"text\"\n\t\t\t\t\t\t\t\tdata-rsp_ch=\"on\"\n\t\t\t\t\t\t\t\tdata-xy=\"x:c;y:m;yo:40px,40px,-96px,23px;\"\n\t\t\t\t\t\t\t\tdata-text=\"w:normal;s:20,20,20,20;l:25,25,25,25;a:left,left,left,center;\"\n\t\t\t\t\t\t\t\tdata-dim=\"w:auto,auto,auto,420px;\"\n\t\t\t\t\t\t\t\tdata-frame_0=\"sX:0.9;sY:0.9;\"\n\t\t\t\t\t\t\t\tdata-frame_1=\"e:power2.inOut;st:1070;sp:1000;sR:1070;\"\n\t\t\t\t\t\t\t\tdata-frame_999=\"o:0;st:w;sR:6930;\"\n\t\t\t\t\t\t\t\tstyle=\"z-index:6;font-family:'Roboto';\"\n\t\t\t\t\t\t\t>El cambio de la tecnolog\u00eda, las historias de las personas. En el centro est\u00e1 TwoHJoint. \n\t\t\t\t\t\t\t<\/rs-layer><!--\n-->\t\t\t\t\t\t<\/rs-slide>\n\t\t\t\t\t<\/rs-slides>\n\t\t\t\t<\/rs-module>\n\t\t\t\t<script>\n\t\t\t\t\tsetREVStartSize({c: 'rev_slider_15_1',rl:[1240,1240,778,480],el:[900,900,960,720],gw:[1240,1240,778,480],gh:[900,900,960,720],type:'standard',justify:'',layout:'fullwidth',mh:\"0\"});if (window.RS_MODULES!==undefined && window.RS_MODULES.modules!==undefined && window.RS_MODULES.modules[\"revslider151\"]!==undefined) {window.RS_MODULES.modules[\"revslider151\"].once = false;window.revapi15 = undefined;if (window.RS_MODULES.checkMinimal!==undefined) window.RS_MODULES.checkMinimal()}\n\t\t\t\t<\/script>\n\t\t\t<\/rs-module-wrap>\n\t\t\t<!-- END REVOLUTION SLIDER -->\n<\/div><div id='after_revolutionslider_1'  class='main_color av_default_container_wrap container_wrap sidebar_right'  ><div class='container av-section-cont-open' ><div class='template-page content  av-content-small alpha units'><div class='post-entry post-entry-type-page post-entry-704'><div class='entry-content-wrapper clearfix'>\n<div  class='flex_column av-cmpr1-f4634965dcc78822b772741d402bc65d av_one_full  avia-builder-el-1  el_after_av_revolutionslider  avia-builder-el-no-sibling  first flex_column_div  '     ><section  class='av_textblock_section av-8g5zx-81280a7fe862bfdc890c47642fce6219 '   itemscope=\"itemscope\" itemtype=\"https:\/\/schema.org\/CreativeWork\" ><div class='avia_textblock'  itemprop=\"text\" ><div id=\"kboard-ocean-gallery-list\">\r\n\t<div class=\"kboard-header\">\r\n\t\t<!-- \uce74\ud14c\uace0\ub9ac \uc2dc\uc791 -->\r\n\t\t\t\t<!-- \uce74\ud14c\uace0\ub9ac \ub05d -->\r\n\t<\/div>\r\n\t\r\n\t<!-- \ub9ac\uc2a4\ud2b8 \uc2dc\uc791 -->\r\n\t<div class=\"kboard-list\">\r\n\t\t\t\t<!-- <div class=\"kboard-gallery-item\">\r\n\t\t\t<a href=\"\/es\/wp-json\/wp\/v2\/pages\/704?uid=4&mod=document\">\r\n\t\t\t\t<div class=\"kboard-gallery-thumbnail\">\r\n\t\t\t\t\t\t\t\t\t\t<img decoding=\"async\" src=\"http:\/\/two-h.kr\/wp-content\/uploads\/kboard_thumbnails\/2\/202510\/6901b82edf5133426084-345x300.jpg\" alt=\"M\u00e1s all\u00e1 de las conexiones industriales, generando confianza.\">\r\n\t\t\t\t\t\t\t\t\t\t<div class=\"kboard-gallery-foreground\"><img decoding=\"async\" src=\"http:\/\/two-h.kr\/wp-content\/plugins\/kboard\/skin\/ocean-gallery\/images\/over-foreground.png\" alt=\"\"><\/div>\r\n\t\t\t\t\t<div class=\"kboard-gallery-username\">2025\/10\/29 by. \uad00\ub9ac\uc790<\/div>\r\n\t\t\t\t<\/div>\r\n\t\t\t\t<div class=\"kboard-gallery-title\">M\u00e1s all\u00e1 de las conexiones industriales, generando confianza.<\/div>\r\n\t\t\t<\/a>\r\n\t\t<\/div> -->\r\n\t\t\t\t<div class=\"kboard-gallery-item\">\r\n\t\t\t<a href=\"\/es\/wp-json\/wp\/v2\/pages\/704?uid=4&mod=document\">\r\n\t\t\t\t<div class=\"kboard-gallery-thumbnail\">\r\n\t\t\t\t\t\t\t\t\t\t\t<img decoding=\"async\" src=\"http:\/\/two-h.kr\/wp-content\/uploads\/kboard_thumbnails\/2\/202510\/6901b82edf5133426084-345x300.jpg\" alt=\"M\u00e1s all\u00e1 de las conexiones industriales, generando confianza.\">\r\n\t\t\t\t\t\t\t\t\t\t\t\t<\/div>\r\n\t\t\t\t\t\t<!-- <div class=\"kboard-meta\">\r\n\t\t\t\t\t\t\t<span class=\"kboard-date\">2025.10.29<\/span>\r\n\t\t\t\t\t\t<\/div> -->\r\n\t\t\t\t\t\t<div class=\"kboard-gallery-title\">\r\n\t\t\t\t\t\t\tM\u00e1s all\u00e1 de las conexiones industriales, generando confianza.\t\t\t\t\t\t<\/div>\r\n\t\t\t\t\t\t<div class=\"kboard-gallery-excerpt\">\r\n\t\t\t\t\t\t\tTWH Joint ofrece tecnolog\u00eda confiable, no solo componentes. La estructura desmontable facilita el mantenimiento y el dise\u00f1o sin salientes mejora la seguridad. Con tecnolog\u00eda probada en diversas plantas industriales, tanto\u2026\t\t\t\t\t\t<\/div>\r\n\t\t\t\t\t<\/a>\r\n\t\t\t\t<\/div>\r\n\t\t\t\t\t\t<!-- <div class=\"kboard-gallery-item\">\r\n\t\t\t<a href=\"\/es\/wp-json\/wp\/v2\/pages\/704?uid=3&mod=document\">\r\n\t\t\t\t<div class=\"kboard-gallery-thumbnail\">\r\n\t\t\t\t\t\t\t\t\t\t<img decoding=\"async\" src=\"http:\/\/two-h.kr\/wp-content\/uploads\/kboard_thumbnails\/2\/202510\/6901b85b0fd512748858-345x300.jpg\" alt=\"El nuevo est\u00e1ndar en uniones sin soldadura: 2H Joint.\">\r\n\t\t\t\t\t\t\t\t\t\t<div class=\"kboard-gallery-foreground\"><img decoding=\"async\" src=\"http:\/\/two-h.kr\/wp-content\/plugins\/kboard\/skin\/ocean-gallery\/images\/over-foreground.png\" alt=\"\"><\/div>\r\n\t\t\t\t\t<div class=\"kboard-gallery-username\">2025\/10\/29 by. \uad00\ub9ac\uc790<\/div>\r\n\t\t\t\t<\/div>\r\n\t\t\t\t<div class=\"kboard-gallery-title\">El nuevo est\u00e1ndar en uniones sin soldadura: 2H Joint.<\/div>\r\n\t\t\t<\/a>\r\n\t\t<\/div> -->\r\n\t\t\t\t<div class=\"kboard-gallery-item\">\r\n\t\t\t<a href=\"\/es\/wp-json\/wp\/v2\/pages\/704?uid=3&mod=document\">\r\n\t\t\t\t<div class=\"kboard-gallery-thumbnail\">\r\n\t\t\t\t\t\t\t\t\t\t\t<img decoding=\"async\" src=\"http:\/\/two-h.kr\/wp-content\/uploads\/kboard_thumbnails\/2\/202510\/6901b85b0fd512748858-345x300.jpg\" alt=\"El nuevo est\u00e1ndar en uniones sin soldadura: 2H Joint.\">\r\n\t\t\t\t\t\t\t\t\t\t\t\t<\/div>\r\n\t\t\t\t\t\t<!-- <div class=\"kboard-meta\">\r\n\t\t\t\t\t\t\t<span class=\"kboard-date\">2025.10.29<\/span>\r\n\t\t\t\t\t\t<\/div> -->\r\n\t\t\t\t\t\t<div class=\"kboard-gallery-title\">\r\n\t\t\t\t\t\t\tEl nuevo est\u00e1ndar en uniones sin soldadura: 2H Joint.\t\t\t\t\t\t<\/div>\r\n\t\t\t\t\t\t<div class=\"kboard-gallery-excerpt\">\r\n\t\t\t\t\t\t\tF\u00e1cil montaje sin procesos de soldadura complejos, conexiones uniformes gracias al mecanizado de precisi\u00f3n. 2H Joint ofrece soluciones que mejoran simult\u00e1neamente la productividad y la calidad industrial. A trav\u00e9s de\u2026\t\t\t\t\t\t<\/div>\r\n\t\t\t\t\t<\/a>\r\n\t\t\t\t<\/div>\r\n\t\t\t\t\t\t<!-- <div class=\"kboard-gallery-item\">\r\n\t\t\t<a href=\"\/es\/wp-json\/wp\/v2\/pages\/704?uid=2&mod=document\">\r\n\t\t\t\t<div class=\"kboard-gallery-thumbnail\">\r\n\t\t\t\t\t\t\t\t\t\t<img decoding=\"async\" src=\"http:\/\/two-h.kr\/wp-content\/uploads\/kboard_thumbnails\/2\/202510\/6901b875dd4b75871921-345x300.jpg\" alt=\"Tecnolog\u00eda de precisi\u00f3n, conexi\u00f3n perfecta.\">\r\n\t\t\t\t\t\t\t\t\t\t<div class=\"kboard-gallery-foreground\"><img decoding=\"async\" src=\"http:\/\/two-h.kr\/wp-content\/plugins\/kboard\/skin\/ocean-gallery\/images\/over-foreground.png\" alt=\"\"><\/div>\r\n\t\t\t\t\t<div class=\"kboard-gallery-username\">2025\/10\/29 by. \uad00\ub9ac\uc790<\/div>\r\n\t\t\t\t<\/div>\r\n\t\t\t\t<div class=\"kboard-gallery-title\">Tecnolog\u00eda de precisi\u00f3n, conexi\u00f3n perfecta.<\/div>\r\n\t\t\t<\/a>\r\n\t\t<\/div> -->\r\n\t\t\t\t<div class=\"kboard-gallery-item\">\r\n\t\t\t<a href=\"\/es\/wp-json\/wp\/v2\/pages\/704?uid=2&mod=document\">\r\n\t\t\t\t<div class=\"kboard-gallery-thumbnail\">\r\n\t\t\t\t\t\t\t\t\t\t\t<img decoding=\"async\" src=\"http:\/\/two-h.kr\/wp-content\/uploads\/kboard_thumbnails\/2\/202510\/6901b875dd4b75871921-345x300.jpg\" alt=\"Tecnolog\u00eda de precisi\u00f3n, conexi\u00f3n perfecta.\">\r\n\t\t\t\t\t\t\t\t\t\t\t\t<\/div>\r\n\t\t\t\t\t\t<!-- <div class=\"kboard-meta\">\r\n\t\t\t\t\t\t\t<span class=\"kboard-date\">2025.10.29<\/span>\r\n\t\t\t\t\t\t<\/div> -->\r\n\t\t\t\t\t\t<div class=\"kboard-gallery-title\">\r\n\t\t\t\t\t\t\tTecnolog\u00eda de precisi\u00f3n, conexi\u00f3n perfecta.\t\t\t\t\t\t<\/div>\r\n\t\t\t\t\t\t<div class=\"kboard-gallery-excerpt\">\r\n\t\t\t\t\t\t\tTwo-H Joint aumenta la eficiencia y la seguridad en los entornos industriales gracias a su innovadora tecnolog\u00eda de juntas que no requiere soldadura. Los productos de Two-H Joint, desarrollados con\u2026\t\t\t\t\t\t<\/div>\r\n\t\t\t\t\t<\/a>\r\n\t\t\t\t<\/div>\r\n\t\t\t\t\t\t\t<\/div>\r\n\t<!-- \ub9ac\uc2a4\ud2b8 \ub05d -->\r\n\t\r\n\t<!-- \ud398\uc774\uc9d5 \uc2dc\uc791 -->\r\n\t<div class=\"kboard-pagination\">\r\n\t\t<ul class=\"kboard-pagination-pages\">\r\n\t\t\t<li class=\"active\"><a href=\"?pageid=1&mod=list\" onclick=\"return false\">1<\/a><\/li>\t\t<\/ul>\r\n\t<\/div>\r\n\t<!-- \ud398\uc774\uc9d5 \ub05d -->\r\n\t<form id=\"kboard-search-form-2\" method=\"get\" action=\"\/es\/wp-json\/wp\/v2\/pages\/704\">\r\n\t\t<input type=\"hidden\" name=\"mod\" value=\"list\"><input type=\"hidden\" name=\"pageid\" value=\"1\">\t\t\r\n\t\t<div class=\"kboard-search\">\r\n\t\t\t<select name=\"target\">\r\n\t\t\t\t<option value=\"\">All<\/option>\r\n\t\t\t\t<option value=\"title\">Title<\/option>\r\n\t\t\t\t<option value=\"content\">Content<\/option>\r\n\t\t\t\t<option value=\"member_display\">Author<\/option>\r\n\t\t\t<\/select>\r\n\t\t\t<input type=\"text\" name=\"keyword\" value=\"\">\r\n\t\t\t<button type=\"submit\" class=\"kboard-ocean-gallery-button-small\">Search<\/button>\r\n\t\t<\/div>\r\n\t<\/form>\r\n\t\r\n\t\t\r\n\t<\/div>\n<\/div><\/section><\/div>\n","protected":false},"excerpt":{"rendered":"","protected":false},"author":2,"featured_media":0,"parent":702,"menu_order":31,"comment_status":"closed","ping_status":"closed","template":"","meta":{"_acf_changed":false,"_vp_format_video_url":"","_vp_image_focal_point":[],"footnotes":""},"class_list":["post-704","page","type-page","status-publish","hentry"],"acf":[],"_links":{"self":[{"href":"http:\/\/two-h.kr\/es\/wp-json\/wp\/v2\/pages\/704","targetHints":{"allow":["GET"]}}],"collection":[{"href":"http:\/\/two-h.kr\/es\/wp-json\/wp\/v2\/pages"}],"about":[{"href":"http:\/\/two-h.kr\/es\/wp-json\/wp\/v2\/types\/page"}],"author":[{"embeddable":true,"href":"http:\/\/two-h.kr\/es\/wp-json\/wp\/v2\/users\/2"}],"replies":[{"embeddable":true,"href":"http:\/\/two-h.kr\/es\/wp-json\/wp\/v2\/comments?post=704"}],"version-history":[{"count":2,"href":"http:\/\/two-h.kr\/es\/wp-json\/wp\/v2\/pages\/704\/revisions"}],"predecessor-version":[{"id":1834,"href":"http:\/\/two-h.kr\/es\/wp-json\/wp\/v2\/pages\/704\/revisions\/1834"}],"up":[{"embeddable":true,"href":"http:\/\/two-h.kr\/es\/wp-json\/wp\/v2\/pages\/702"}],"wp:attachment":[{"href":"http:\/\/two-h.kr\/es\/wp-json\/wp\/v2\/media?parent=704"}],"curies":[{"name":"wp","href":"https:\/\/api.w.org\/{rel}","templated":true}]}}